{"id":177,"date":"2022-05-03T20:23:50","date_gmt":"2022-05-03T20:23:50","guid":{"rendered":"http:\/\/seatours.pt\/?page_id=177"},"modified":"2022-05-03T20:42:00","modified_gmt":"2022-05-03T20:42:00","slug":"rotas","status":"publish","type":"page","link":"https:\/\/seatours.pt\/index.php\/rotas\/","title":{"rendered":"Rotas"},"content":{"rendered":"\t\t<div data-elementor-type=\"wp-page\" data-elementor-id=\"177\" class=\"elementor elementor-177\">\n\t\t\t\t\t\t<section class=\"elementor-section elementor-top-section elementor-element elementor-element-f71f19a elementor-section-boxed elementor-section-height-default elementor-section-height-default\" data-id=\"f71f19a\" data-element_type=\"section\">\n\t\t\t\t\t\t<div class=\"elementor-container elementor-column-gap-default\">\n\t\t\t\t\t<div class=\"elementor-column elementor-col-100 elementor-top-column elementor-element elementor-element-d5edb93\" data-id=\"d5edb93\" data-element_type=\"column\">\n\t\t\t<div class=\"elementor-widget-wrap elementor-element-populated\">\n\t\t\t\t\t\t<div class=\"elementor-element elementor-element-fe85a82 elementor-widget elementor-widget-heading\" data-id=\"fe85a82\" data-element_type=\"widget\" data-widget_type=\"heading.default\">\n\t\t\t\t<div class=\"elementor-widget-container\">\n\t\t\t\t\t<h2 class=\"elementor-heading-title elementor-size-default\">Rotas<\/h2>\t\t\t\t<\/div>\n\t\t\t\t<\/div>\n\t\t\t\t<section class=\"elementor-section elementor-inner-section elementor-element elementor-element-156aee7 elementor-section-boxed elementor-section-height-default elementor-section-height-default\" data-id=\"156aee7\" data-element_type=\"section\">\n\t\t\t\t\t\t<div class=\"elementor-container elementor-column-gap-default\">\n\t\t\t\t\t<div class=\"elementor-column elementor-col-50 elementor-inner-column elementor-element elementor-element-e8830d4\" data-id=\"e8830d4\" data-element_type=\"column\" data-settings=\"{&quot;background_background&quot;:&quot;classic&quot;}\">\n\t\t\t<div class=\"elementor-widget-wrap elementor-element-populated\">\n\t\t\t\t\t<div class=\"elementor-background-overlay\"><\/div>\n\t\t\t\t\t\t<div class=\"elementor-element elementor-element-f3c5c96 elementor-widget elementor-widget-heading\" data-id=\"f3c5c96\" data-element_type=\"widget\" data-widget_type=\"heading.default\">\n\t\t\t\t<div class=\"elementor-widget-container\">\n\t\t\t\t\t<h2 class=\"elementor-heading-title elementor-size-default\">Rota do Algarve <\/h2>\t\t\t\t<\/div>\n\t\t\t\t<\/div>\n\t\t\t\t\t<\/div>\n\t\t<\/div>\n\t\t\t\t<div class=\"elementor-column elementor-col-50 elementor-inner-column elementor-element elementor-element-0d5e93e\" data-id=\"0d5e93e\" data-element_type=\"column\">\n\t\t\t<div class=\"elementor-widget-wrap elementor-element-populated\">\n\t\t\t\t\t\t<div class=\"elementor-element elementor-element-f465a4d elementor-widget elementor-widget-text-editor\" data-id=\"f465a4d\" data-element_type=\"widget\" data-widget_type=\"text-editor.default\">\n\t\t\t\t<div class=\"elementor-widget-container\">\n\t\t\t\t\t\t\t\t\t<p>Esta \u00e9 a rota das praias de areia dourada. Com inicio em Portim\u00e3o, onde poder\u00e1 visitar a gruta de Benagil e outras igualmente espectaculares, esta rota passa por Lagos, cidade secular com os atractivos que um centro hist\u00f3rico mesmo ao lado da marina tem para lhe oferecer, Vilamoura com os seus restaurantes e bares que ir\u00e3o proporcionar noites inesquec\u00edveis e ilha da Culatra, onde ter\u00e1 a possibilidade de acordar numa praia s\u00f3 para si, pescar e relaxar.<\/p>\t\t\t\t\t\t\t\t<\/div>\n\t\t\t\t<\/div>\n\t\t\t\t\t<\/div>\n\t\t<\/div>\n\t\t\t\t\t<\/div>\n\t\t<\/section>\n\t\t\t\t<section class=\"elementor-section elementor-inner-section elementor-element elementor-element-b027670 elementor-section-boxed elementor-section-height-default elementor-section-height-default\" data-id=\"b027670\" data-element_type=\"section\">\n\t\t\t\t\t\t<div class=\"elementor-container elementor-column-gap-default\">\n\t\t\t\t\t<div class=\"elementor-column elementor-col-50 elementor-inner-column elementor-element elementor-element-dab421e\" data-id=\"dab421e\" data-element_type=\"column\" data-settings=\"{&quot;background_background&quot;:&quot;classic&quot;}\">\n\t\t\t<div class=\"elementor-widget-wrap elementor-element-populated\">\n\t\t\t\t\t<div class=\"elementor-background-overlay\"><\/div>\n\t\t\t\t\t\t<div class=\"elementor-element elementor-element-f5ba187 elementor-widget elementor-widget-heading\" data-id=\"f5ba187\" data-element_type=\"widget\" data-widget_type=\"heading.default\">\n\t\t\t\t<div class=\"elementor-widget-container\">\n\t\t\t\t\t<h2 class=\"elementor-heading-title elementor-size-default\">Rota da Arr\u00e1bida <\/h2>\t\t\t\t<\/div>\n\t\t\t\t<\/div>\n\t\t\t\t\t<\/div>\n\t\t<\/div>\n\t\t\t\t<div class=\"elementor-column elementor-col-50 elementor-inner-column elementor-element elementor-element-e929198\" data-id=\"e929198\" data-element_type=\"column\">\n\t\t\t<div class=\"elementor-widget-wrap elementor-element-populated\">\n\t\t\t\t\t\t<div class=\"elementor-element elementor-element-cfd99fa elementor-widget elementor-widget-text-editor\" data-id=\"cfd99fa\" data-element_type=\"widget\" data-widget_type=\"text-editor.default\">\n\t\t\t\t<div class=\"elementor-widget-container\">\n\t\t\t\t\t\t\t\t\t<p>Esta \u00e9 a rota com paisagens \u00fanicas. Inicia-se em Sesimbra, nesta pequena vila piscat\u00f3ria onde ter\u00e1 oportunidade de experimentar o seu peixe fresco e visitar as \u00e1guas azul turquesa da praia da Ribeira do Cavalo. Ter\u00e1 a oportunidade de navegar pelas \u00e1guas da reserva natural da Arr\u00e1bida e desfrutar dos longos areais da Pen\u00ednsula de Tr\u00f3ia. Nesta rota \u00e9 garantido que ver\u00e1 golfinhos, a alegria de pequenos e gra\u00fados.<\/p>\t\t\t\t\t\t\t\t<\/div>\n\t\t\t\t<\/div>\n\t\t\t\t\t<\/div>\n\t\t<\/div>\n\t\t\t\t\t<\/div>\n\t\t<\/section>\n\t\t\t\t<section class=\"elementor-section elementor-inner-section elementor-element elementor-element-011ae29 elementor-section-boxed elementor-section-height-default elementor-section-height-default\" data-id=\"011ae29\" data-element_type=\"section\">\n\t\t\t\t\t\t<div class=\"elementor-container elementor-column-gap-default\">\n\t\t\t\t\t<div class=\"elementor-column elementor-col-50 elementor-inner-column elementor-element elementor-element-ceacf29\" data-id=\"ceacf29\" data-element_type=\"column\" data-settings=\"{&quot;background_background&quot;:&quot;classic&quot;}\">\n\t\t\t<div class=\"elementor-widget-wrap elementor-element-populated\">\n\t\t\t\t\t<div class=\"elementor-background-overlay\"><\/div>\n\t\t\t\t\t\t<div class=\"elementor-element elementor-element-6255995 elementor-widget elementor-widget-heading\" data-id=\"6255995\" data-element_type=\"widget\" data-widget_type=\"heading.default\">\n\t\t\t\t<div class=\"elementor-widget-container\">\n\t\t\t\t\t<h2 class=\"elementor-heading-title elementor-size-default\">Rota de Lisboa <\/h2>\t\t\t\t<\/div>\n\t\t\t\t<\/div>\n\t\t\t\t\t<\/div>\n\t\t<\/div>\n\t\t\t\t<div class=\"elementor-column elementor-col-50 elementor-inner-column elementor-element elementor-element-44dcc1d\" data-id=\"44dcc1d\" data-element_type=\"column\">\n\t\t\t<div class=\"elementor-widget-wrap elementor-element-populated\">\n\t\t\t\t\t\t<div class=\"elementor-element elementor-element-759c36a elementor-widget elementor-widget-text-editor\" data-id=\"759c36a\" data-element_type=\"widget\" data-widget_type=\"text-editor.default\">\n\t\t\t\t<div class=\"elementor-widget-container\">\n\t\t\t\t\t\t\t\t\t<p>A zona de Lisboa tem muito para ver e desfrutar. A parte hist\u00f3rica, virada para o rio, a nova cidade do lado Oriental, Bel\u00e9m e os seus monumentos patrim\u00f3nio mundial, al\u00e9m de uma noite segura e divertida.. A ic\u00f3nica Cascais, vila nas imedia\u00e7\u00f5es da Serra de Sintra, com restaurantes com peixe sempre fresco, Seixal, com os seus moinhos de mar\u00e9 e uma ba\u00eda paradis\u00edaca, Alcochete, Valada e outras povoa\u00e7\u00f5es rio acima.<\/p>\t\t\t\t\t\t\t\t<\/div>\n\t\t\t\t<\/div>\n\t\t\t\t\t<\/div>\n\t\t<\/div>\n\t\t\t\t\t<\/div>\n\t\t<\/section>\n\t\t\t\t<section class=\"elementor-section elementor-inner-section elementor-element elementor-element-23069e0 elementor-section-boxed elementor-section-height-default elementor-section-height-default\" data-id=\"23069e0\" data-element_type=\"section\">\n\t\t\t\t\t\t<div class=\"elementor-container elementor-column-gap-default\">\n\t\t\t\t\t<div class=\"elementor-column elementor-col-50 elementor-inner-column elementor-element elementor-element-41b8be6\" data-id=\"41b8be6\" data-element_type=\"column\" data-settings=\"{&quot;background_background&quot;:&quot;classic&quot;}\">\n\t\t\t<div class=\"elementor-widget-wrap elementor-element-populated\">\n\t\t\t\t\t<div class=\"elementor-background-overlay\"><\/div>\n\t\t\t\t\t\t<div class=\"elementor-element elementor-element-3d48acb elementor-widget elementor-widget-heading\" data-id=\"3d48acb\" data-element_type=\"widget\" data-widget_type=\"heading.default\">\n\t\t\t\t<div class=\"elementor-widget-container\">\n\t\t\t\t\t<h2 class=\"elementor-heading-title elementor-size-default\">Rota do Atl\u00e2ntico<\/h2>\t\t\t\t<\/div>\n\t\t\t\t<\/div>\n\t\t\t\t\t<\/div>\n\t\t<\/div>\n\t\t\t\t<div class=\"elementor-column elementor-col-50 elementor-inner-column elementor-element elementor-element-078e2cf\" data-id=\"078e2cf\" data-element_type=\"column\">\n\t\t\t<div class=\"elementor-widget-wrap elementor-element-populated\">\n\t\t\t\t\t\t<div class=\"elementor-element elementor-element-f0acaf9 elementor-widget elementor-widget-text-editor\" data-id=\"f0acaf9\" data-element_type=\"widget\" data-widget_type=\"text-editor.default\">\n\t\t\t\t<div class=\"elementor-widget-container\">\n\t\t\t\t\t\t\t\t\t<p>Esta \u00e9 talvez a rota mais exclusiva que temos para oferecer. Como ponto alto, visita-se as Berlegas, reserva natural e excelente local para snorkelling e birdwatching, Peniche, Nazar\u00e9, vila piscat\u00f3ria conhecida mundialmente pelas suas ondas gigantes e Figueira da Foz. \u00c9 a rota onde se navega mais em mar aberto.<\/p>\t\t\t\t\t\t\t\t<\/div>\n\t\t\t\t<\/div>\n\t\t\t\t\t<\/div>\n\t\t<\/div>\n\t\t\t\t\t<\/div>\n\t\t<\/section>\n\t\t\t\t\t<\/div>\n\t\t<\/div>\n\t\t\t\t\t<\/div>\n\t\t<\/section>\n\t\t\t\t<\/div>\n\t\t","protected":false},"excerpt":{"rendered":"<p>Rotas Rota do Algarve Esta \u00e9 a rota das praias de areia dourada. Com inicio em Portim\u00e3o, onde poder\u00e1 visitar a gruta de Benagil e outras igualmente espectaculares, esta rota passa por Lagos, cidade secular com os atractivos que um centro hist\u00f3rico mesmo ao lado da marina tem para lhe oferecer, Vilamoura com os seus [&hellip;]<\/p>\n","protected":false},"author":2,"featured_media":0,"parent":0,"menu_order":0,"comment_status":"closed","ping_status":"closed","template":"elementor_header_footer","meta":{"footnotes":""},"class_list":["post-177","page","type-page","status-publish","hentry"],"_links":{"self":[{"href":"https:\/\/seatours.pt\/index.php\/wp-json\/wp\/v2\/pages\/177"}],"collection":[{"href":"https:\/\/seatours.pt\/index.php\/wp-json\/wp\/v2\/pages"}],"about":[{"href":"https:\/\/seatours.pt\/index.php\/wp-json\/wp\/v2\/types\/page"}],"author":[{"embeddable":true,"href":"https:\/\/seatours.pt\/index.php\/wp-json\/wp\/v2\/users\/2"}],"replies":[{"embeddable":true,"href":"https:\/\/seatours.pt\/index.php\/wp-json\/wp\/v2\/comments?post=177"}],"version-history":[{"count":10,"href":"https:\/\/seatours.pt\/index.php\/wp-json\/wp\/v2\/pages\/177\/revisions"}],"predecessor-version":[{"id":192,"href":"https:\/\/seatours.pt\/index.php\/wp-json\/wp\/v2\/pages\/177\/revisions\/192"}],"wp:attachment":[{"href":"https:\/\/seatours.pt\/index.php\/wp-json\/wp\/v2\/media?parent=177"}],"curies":[{"name":"wp","href":"https:\/\/api.w.org\/{rel}","templated":true}]}}