{"id":140,"date":"2022-05-02T19:53:41","date_gmt":"2022-05-02T19:53:41","guid":{"rendered":"http:\/\/seatours.pt\/?page_id=140"},"modified":"2022-05-03T12:47:22","modified_gmt":"2022-05-03T12:47:22","slug":"sobre","status":"publish","type":"page","link":"https:\/\/seatours.pt\/index.php\/sobre\/","title":{"rendered":"Sobre"},"content":{"rendered":"\t\t<div data-elementor-type=\"wp-page\" data-elementor-id=\"140\" class=\"elementor elementor-140\">\n\t\t\t\t\t\t<section class=\"elementor-section elementor-top-section elementor-element elementor-element-315efb4 elementor-section-full_width elementor-section-height-default elementor-section-height-default\" data-id=\"315efb4\" data-element_type=\"section\" data-settings=\"{&quot;background_background&quot;:&quot;classic&quot;}\">\n\t\t\t\t\t\t\t<div class=\"elementor-background-overlay\"><\/div>\n\t\t\t\t\t\t\t<div class=\"elementor-container elementor-column-gap-no\">\n\t\t\t\t\t<div class=\"elementor-column elementor-col-100 elementor-top-column elementor-element elementor-element-b157766\" data-id=\"b157766\" data-element_type=\"column\">\n\t\t\t<div class=\"elementor-widget-wrap elementor-element-populated\">\n\t\t\t\t\t\t<div class=\"elementor-element elementor-element-1cbc36f elementor-widget elementor-widget-image\" data-id=\"1cbc36f\" data-element_type=\"widget\" data-widget_type=\"image.default\">\n\t\t\t\t<div class=\"elementor-widget-container\">\n\t\t\t\t\t\t\t\t\t\t\t\t\t\t\t<img fetchpriority=\"high\" decoding=\"async\" width=\"2798\" height=\"504\" src=\"https:\/\/seatours.pt\/wp-content\/uploads\/2022\/05\/Captura-de-Tela-2022-05-02-a\u0300s-17.00.11.png\" class=\"attachment-full size-full wp-image-144\" alt=\"\" srcset=\"https:\/\/seatours.pt\/wp-content\/uploads\/2022\/05\/Captura-de-Tela-2022-05-02-a\u0300s-17.00.11.png 2798w, https:\/\/seatours.pt\/wp-content\/uploads\/2022\/05\/Captura-de-Tela-2022-05-02-a\u0300s-17.00.11-300x54.png 300w, https:\/\/seatours.pt\/wp-content\/uploads\/2022\/05\/Captura-de-Tela-2022-05-02-a\u0300s-17.00.11-1024x184.png 1024w, https:\/\/seatours.pt\/wp-content\/uploads\/2022\/05\/Captura-de-Tela-2022-05-02-a\u0300s-17.00.11-768x138.png 768w, https:\/\/seatours.pt\/wp-content\/uploads\/2022\/05\/Captura-de-Tela-2022-05-02-a\u0300s-17.00.11-1536x277.png 1536w, https:\/\/seatours.pt\/wp-content\/uploads\/2022\/05\/Captura-de-Tela-2022-05-02-a\u0300s-17.00.11-2048x369.png 2048w\" sizes=\"(max-width: 2798px) 100vw, 2798px\" \/>\t\t\t\t\t\t\t\t\t\t\t\t\t\t\t<\/div>\n\t\t\t\t<\/div>\n\t\t\t\t\t<\/div>\n\t\t<\/div>\n\t\t\t\t\t<\/div>\n\t\t<\/section>\n\t\t\t\t<section class=\"elementor-section elementor-top-section elementor-element elementor-element-487b636 elementor-section-boxed elementor-section-height-default elementor-section-height-default\" data-id=\"487b636\" data-element_type=\"section\">\n\t\t\t\t\t\t<div class=\"elementor-container elementor-column-gap-default\">\n\t\t\t\t\t<div class=\"elementor-column elementor-col-50 elementor-top-column elementor-element elementor-element-f18c0da\" data-id=\"f18c0da\" data-element_type=\"column\">\n\t\t\t<div class=\"elementor-widget-wrap elementor-element-populated\">\n\t\t\t\t\t\t<div class=\"elementor-element elementor-element-5870cb3 elementor-widget elementor-widget-heading\" data-id=\"5870cb3\" data-element_type=\"widget\" data-widget_type=\"heading.default\">\n\t\t\t\t<div class=\"elementor-widget-container\">\n\t\t\t\t\t<h2 class=\"elementor-heading-title elementor-size-default\">Quem Somos<\/h2>\t\t\t\t<\/div>\n\t\t\t\t<\/div>\n\t\t\t\t<div class=\"elementor-element elementor-element-b658f87 elementor-widget elementor-widget-image\" data-id=\"b658f87\" data-element_type=\"widget\" data-widget_type=\"image.default\">\n\t\t\t\t<div class=\"elementor-widget-container\">\n\t\t\t\t\t\t\t\t\t\t\t\t\t\t\t<img decoding=\"async\" width=\"800\" height=\"600\" src=\"https:\/\/seatours.pt\/wp-content\/uploads\/2022\/05\/WhatsApp-Image-2022-05-03-at-09.31.37-1024x768.jpeg\" class=\"attachment-large size-large wp-image-173\" alt=\"\" srcset=\"https:\/\/seatours.pt\/wp-content\/uploads\/2022\/05\/WhatsApp-Image-2022-05-03-at-09.31.37-1024x768.jpeg 1024w, https:\/\/seatours.pt\/wp-content\/uploads\/2022\/05\/WhatsApp-Image-2022-05-03-at-09.31.37-300x225.jpeg 300w, https:\/\/seatours.pt\/wp-content\/uploads\/2022\/05\/WhatsApp-Image-2022-05-03-at-09.31.37-768x576.jpeg 768w, https:\/\/seatours.pt\/wp-content\/uploads\/2022\/05\/WhatsApp-Image-2022-05-03-at-09.31.37-1536x1152.jpeg 1536w, https:\/\/seatours.pt\/wp-content\/uploads\/2022\/05\/WhatsApp-Image-2022-05-03-at-09.31.37.jpeg 2048w\" sizes=\"(max-width: 800px) 100vw, 800px\" \/>\t\t\t\t\t\t\t\t\t\t\t\t\t\t\t<\/div>\n\t\t\t\t<\/div>\n\t\t\t\t\t<\/div>\n\t\t<\/div>\n\t\t\t\t<div class=\"elementor-column elementor-col-50 elementor-top-column elementor-element elementor-element-cdf946f\" data-id=\"cdf946f\" data-element_type=\"column\">\n\t\t\t<div class=\"elementor-widget-wrap elementor-element-populated\">\n\t\t\t\t\t\t<div class=\"elementor-element elementor-element-d3fe4e9 elementor-widget elementor-widget-text-editor\" data-id=\"d3fe4e9\" data-element_type=\"widget\" data-widget_type=\"text-editor.default\">\n\t\t\t\t<div class=\"elementor-widget-container\">\n\t\t\t\t\t\t\t\t\t<p>O inicio da Seatours, \u00e1rea de neg\u00f3cio de turismo n\u00e1utico da empresa SBI deu-se em 2005. Jo\u00e3o Pedrosa, estudante de gest\u00e3o, ap\u00f3s chumbar uns anos na universidade, recebeu um ultimatum do seu pai: \u201cIria acabar os estudos em hor\u00e1rio p\u00f3s-laboral e come\u00e7ar a trabalhar na \u00e1rea financeira\u201d.<\/p><p>Uma vez que essa \u00e1rea era a que menos o interessava, em 6 meses abriu uma sociedade no ramo n\u00e1utico com dois amigos. Obviamente, sendo novos e inexperientes, esse neg\u00f3cio durou apenas 4 anos. Sem capital, optou por come\u00e7ar a limpar embarca\u00e7\u00f5es de clientes que entretanto conheceu e que procuravam esse tipo de servi\u00e7o.<\/p><p>Come\u00e7ou com poucos clientes, mas \u00e0 medida que ia aumentando o n\u00famero de clientes, optou por contratar equipas de jovens raparigas, inovando nos seus uniformes de trabalho, refor\u00e7ando a imagem competente e profissional que sempre procurou.<\/p><p>Por essa altura, d\u00e1-se o boom dos eventos corporativos ligados \u00e0 \u00e1rea n\u00e1utica. Com falta de embarca\u00e7\u00f5es suficientes por parte dos players do mercado, foi-lhe proposto alugar essas embarca\u00e7\u00f5es dos seus clientes, dos quais fazia a limpeza. Uma vez contratado com os clientes o valor da renda, passou a fornecer embarca\u00e7\u00f5es para esse mercado emergente que eram os eventos corporativos.<\/p><p>Passado pouco tempo, come\u00e7ou a eliminar intermedi\u00e1rios a montante e a jusante e come\u00e7ou a adquirir as suas pr\u00f3prias embarca\u00e7\u00f5es (velhas e pequenas) e passou a contactar directamente as ag\u00eancias que procuravam esse tipo de servi\u00e7o.<\/p><p>Sempre teve a preocupa\u00e7\u00e3o de reinvestir todos os seus ganhos no seu neg\u00f3cio e assim, com o passar dos anos a frota cresceu e modernizou-se.<\/p><p>Ainda nos dias de hoje, essa preocupa\u00e7\u00e3o com o reinvestimento e crescimento est\u00e1 bem presente em todos os aspectos da vida da Seatours e \u00e9 a linha mestra do rumo da Seatours.<\/p>\t\t\t\t\t\t\t\t<\/div>\n\t\t\t\t<\/div>\n\t\t\t\t\t<\/div>\n\t\t<\/div>\n\t\t\t\t\t<\/div>\n\t\t<\/section>\n\t\t\t\t<\/div>\n\t\t","protected":false},"excerpt":{"rendered":"<p>Quem Somos O inicio da Seatours, \u00e1rea de neg\u00f3cio de turismo n\u00e1utico da empresa SBI deu-se em 2005. Jo\u00e3o Pedrosa, estudante de gest\u00e3o, ap\u00f3s chumbar uns anos na universidade, recebeu um ultimatum do seu pai: \u201cIria acabar os estudos em hor\u00e1rio p\u00f3s-laboral e come\u00e7ar a trabalhar na \u00e1rea financeira\u201d. Uma vez que essa \u00e1rea era [&hellip;]<\/p>\n","protected":false},"author":2,"featured_media":0,"parent":0,"menu_order":0,"comment_status":"closed","ping_status":"closed","template":"elementor_header_footer","meta":{"footnotes":""},"class_list":["post-140","page","type-page","status-publish","hentry"],"_links":{"self":[{"href":"https:\/\/seatours.pt\/index.php\/wp-json\/wp\/v2\/pages\/140"}],"collection":[{"href":"https:\/\/seatours.pt\/index.php\/wp-json\/wp\/v2\/pages"}],"about":[{"href":"https:\/\/seatours.pt\/index.php\/wp-json\/wp\/v2\/types\/page"}],"author":[{"embeddable":true,"href":"https:\/\/seatours.pt\/index.php\/wp-json\/wp\/v2\/users\/2"}],"replies":[{"embeddable":true,"href":"https:\/\/seatours.pt\/index.php\/wp-json\/wp\/v2\/comments?post=140"}],"version-history":[{"count":7,"href":"https:\/\/seatours.pt\/index.php\/wp-json\/wp\/v2\/pages\/140\/revisions"}],"predecessor-version":[{"id":176,"href":"https:\/\/seatours.pt\/index.php\/wp-json\/wp\/v2\/pages\/140\/revisions\/176"}],"wp:attachment":[{"href":"https:\/\/seatours.pt\/index.php\/wp-json\/wp\/v2\/media?parent=140"}],"curies":[{"name":"wp","href":"https:\/\/api.w.org\/{rel}","templated":true}]}}